{"id":537,"date":"2023-10-06T12:50:12","date_gmt":"2023-10-06T10:50:12","guid":{"rendered":"https:\/\/www.enkai.es\/?page_id=537"},"modified":"2025-08-05T12:52:30","modified_gmt":"2025-08-05T10:52:30","slug":"carta","status":"publish","type":"page","link":"https:\/\/www.enkai.es\/en\/carta\/","title":{"rendered":"Carta"},"content":{"rendered":"<div data-elementor-type=\"wp-page\" data-elementor-id=\"537\" class=\"elementor elementor-537\">\n\t\t\t\t<div class=\"elementor-element elementor-element-c070d3f e-con-full e-flex e-con e-parent\" data-id=\"c070d3f\" data-element_type=\"container\" data-e-type=\"container\">\n\t\t\t\t<div class=\"elementor-element elementor-element-9ed94e5 elementor-widget elementor-widget-html\" data-id=\"9ed94e5\" data-element_type=\"widget\" data-e-type=\"widget\" data-widget_type=\"html.default\">\n\t\t\t\t<div class=\"elementor-widget-container\">\n\t\t\t\t\t<script src=\"https:\/\/ajax.googleapis.com\/ajax\/libs\/jquery\/3.6.4\/jquery.min.js\"><\/script>\n\n\n<script>\n\n$( document ).ready(function() {\n    var pathname = window.location.pathname;\n    var englishTrue =\"\/en\/carta\/\"\n    var frenchTrue =\"\/fr\/carta\/\"\n    \n    if (pathname == englishTrue) {\n        \/\/alert(\"English Path\");\n        $(\"#linkCarta1\").attr(\"href\", \"https:\/\/www.enkai.es\/digital\/carta\/en\/medio-dia\/\");\n        $(\"#linkCarta2\").attr(\"href\", \"https:\/\/www.enkai.es\/digital\/carta\/en\/noche\/\");\n        $(\"#linkCarta3\").attr(\"href\", \"https:\/\/www.enkai.es\/digital\/carta\/en\/bebidas\/\");\n        $(\"#linkCarta4\").attr(\"href\", \"https:\/\/www.enkai.es\/digital\/carta\/en\/medio-dia\/\");\n        $(\"#linkCarta5\").attr(\"href\", \"https:\/\/www.enkai.es\/digital\/carta\/en\/noche\/\");\n         $(\"#linkCarta6\").attr(\"href\", \"https:\/\/www.enkai.es\/digital\/carta\/en\/bebidas\/\");\n    }\n    else if (pathname == frenchTrue) {\n        \/\/alert(\"French Path\");\n        \/\/$(\"#linkCarta1\").attr(\"href\", \"https:\/\/www.savatico.es\/digital\/fr\/digital\/carta\/comida\/\");\n        \/\/$(\"#linkCarta2\").attr(\"href\", \"https:\/\/www.savatico.es\/digital\/fr\/digital\/carta\/bebida\/\");\n        \/\/$(\"#linkCarta3\").attr(\"href\", \"https:\/\/www.savatico.es\/digital\/fr\/digital\/carta\/combinados\/\");\n    }\n    else {\n        \/\/alert(\"Spanish Path\");\n        \/\/doNothing\n    }\n});\n    \n<\/script>\n\n<style>\n\n@media only screen and (min-width: 661px) {\n    .featuredText {\n        top: 21%;!important;\n    }\n}\n<\/style>\n\n<div class=\"containerLimiter\">\n<div class=\"containerMain\">\n    <div class=\"featuredText positiveLeft2\">\n        <h1>OUR <font class=\"highlight\">MENU<\/font><\/h1>\n        <div class=\"featuredTextIntro featuredTextIntroVariant\">\n            <p> A journey of flavours and creativity. Explore our variety of dishes, from fresh sashimi to delicious makis. Discover all the options of our ALL YOU CAN EAT and immerse yourself in a unique gastronomic experience in the centre of Madrid.<\/p>\n        <\/div>\n    <div style=\"clear: both; height: 0px; width: 100%; opacity: 0;\"><\/div>\n    <\/div>\n    \n    <div class=\"featuredImage\">\n        <img decoding=\"async\" class=\"featured\" src=\"https:\/\/www.enkai.es\/wp-content\/uploads\/2023\/10\/carta-img.jpg\">\n    <\/div>\n    \n    <div class=\"priceHolder\">\n        <div class=\"priceContent diaNoFestivo\"><div class=\"lazymask\">LUNCH FROM TUESDAY TO FRIDAY<\/div><img decoding=\"async\" src=\"https:\/\/www.enkai.es\/wp-content\/uploads\/2025\/08\/lunes-viernes-medio-dia_new.png\"><\/div>\n        <div class=\"priceContent diaFestivo\"><div class=\"lazymask\">NOCHES, FESTIVOS Y FINES DE SEMANA<\/div><img decoding=\"async\" src=\"https:\/\/www.enkai.es\/wp-content\/uploads\/2025\/08\/noches-festivos-fin-semana_new.png\"><\/div>\n        \n        <div style=\"clear:both; width: 100%; height: 1px; margin-bottom: 20px\"><\/div>\n        \n        <p style=\"font-family: 'Gotham light'; color: white; font-size: 14px; line-height: 16px; text-align: center;\"><b style=\"font-family: 'Gotham Bold\">* Drinks and dessert not included<\/b><br> Minimum one drink per person<\/p>\n        \n        <p style=\"font-family: 'Gotham light'; color: white; font-size: 14px; line-height: 16px; text-align: center;\"><b style=\"font-family: 'Gotham Bold\">* Maximum of 4 dishes per round per person<\/b><br>(unlimited rounds)<\/p>\n        \n        <p style=\"font-family: 'Gotham light'; color: white; font-size: 14px; line-height: 16px; text-align: center;\"><b style=\"font-family: 'Gotham Bold\">* Penalty of 3\u20ac <\/b><br>per unfinished plate<br><br><br><br><br><\/p>\n    <\/div>\n    \n<\/div>\n<\/div>\n\n<div class=\"carrouselHolder carrouselHolderFixMenu\">\n    \n    \n    <div class=\"carrouselHolderInner\">\n        \n    <div class=\"elementoGodai agua minorVisible\">\n        <a id=\"linkCarta1\" href=\"https:\/\/www.enkai.es\/en\/digital\/carta\/medio-dia\/\" target=\"_blank\">\n        <div class=\"oval\"><img decoding=\"async\" src=\"https:\/\/www.enkai.es\/wp-content\/uploads\/2023\/10\/entrantes.png\"><\/div>\n        <div class=\"isoImage\" style=\"opacity: 0;\"><img decoding=\"async\" src=\"https:\/\/www.enkai.es\/wp-content\/uploads\/2023\/10\/sui.svg\"><\/div>\n        <div class=\"GodaiText\">\n            <h3><font class=\"highlight3\">MENU <br>LUNCH<\/font><\/h3>\n        <\/div>\n        <\/a>\n    <\/div>\n    \n    <div class=\"elementoGodai tierra minorVisible\">\n        <a id=\"linkCarta2\" href=\"https:\/\/www.enkai.es\/en\/digital\/carta\/noche\/\" target=\"_blank\">\n        <div class=\"oval\"><img decoding=\"async\" src=\"https:\/\/www.enkai.es\/wp-content\/uploads\/2023\/10\/sushi.png\"><\/div>\n        <div class=\"isoImage\" style=\"opacity: 0;\"><img decoding=\"async\" src=\"https:\/\/www.enkai.es\/wp-content\/uploads\/2023\/10\/chi.svg\"><\/div>\n        <div class=\"GodaiText\">\n            <h3><font class=\"highlight3\">DINNER MENU <br>&amp; WEEKEND<\/font><\/h3>\n        <\/div>\n        <\/a>\n    <\/div>\n    \n    <div class=\"elementoGodai fuego minorVisible\">\n        <a id=\"linkCarta3\" href=\"https:\/\/www.enkai.es\/en\/digital\/carta\/bebidas\/\" target=\"_blank\">\n        <div class=\"oval\"><img decoding=\"async\" src=\"https:\/\/www.enkai.es\/wp-content\/uploads\/2023\/10\/bebidas.png\"><\/div>\n        <div class=\"isoImage\" style=\"opacity: 0;\"><img decoding=\"async\" src=\"https:\/\/www.enkai.es\/wp-content\/uploads\/2023\/10\/ka.svg\"><\/div>\n        <div class=\"GodaiText\">\n            <h3><font class=\"highlight3\">BEVERAGES <br>&amp; DESSERTS<\/font><\/h3>\n        <\/div>\n        <\/a>\n    <\/div>\n    \n    <\/div>\n    \n    <div style=\"clear: both; height: 0px; width: 100%; opacity: 0;\"><\/div>\n    <div style=\"font-family: 'Gotham light'; font-size: 14px; line-height: 20px; font-weight: bold; color: white; text-align: center; margin: 20px auto 0 auto; max-width: 800px; padding: 20px; opacity: 0.8;\"><font class=\"highlight3\">PREGUNTA A NUESTRO EQUIPO POR EL TRATAMIENTO DE ALERGENOS Y DEM\u00c1S INTOLERANCIAS PARA QUE COMUNICAR LAS OPCIONES DE LAS QUE DISPONES<\/font><\/div>\n<\/div>\n\n\n    <div class=\"priceHolder\" style=\"top: 0px!important;\">\n        <div class=\"priceContent diaNoFestivo\"><div class=\"lazymask l2l\" style=\"background: transparent!important; font-size: 19px;\">TUESDAY TO FRIDAY<br><br><br><br><br><font style=\"font-family: 'Gotham light'; font-weight: 100; text-align: center; top: -5px; position: relative        ;\">Comida<\/font><br>De 13.00 a 16:30h<br><br><br><br><font style=\"font-family: 'Gotham light'; font-weight: 100; text-align: center; top: -5px; position: relative        ;\">Cenas<\/font><br>De 20.00 a 23:30h<\/br><\/div><img decoding=\"async\" src=\"https:\/\/www.enkai.es\/wp-content\/uploads\/2025\/05\/horario-bg.png\"><\/div>\n        <div class=\"priceContent diaFestivo\"><div class=\"lazymask l2l\" style=\"background: transparent!important; font-size: 19px;\">S\u00c1BADO Y DOMINGO<br><br><br><br><br><font style=\"font-family: 'Gotham light'; font-weight: 100; text-align: center; top: -5px; position: relative        ;\">Comida<\/font><br>De 13.00 a 16:30h<br><br><br><br><font style=\"font-family: 'Gotham light'; font-weight: 100; text-align: center; top: -5px; position: relative        ;\">Cenas<\/font><br>De 19.30 a 00:00h<\/br><\/div><img decoding=\"async\" src=\"https:\/\/www.enkai.es\/wp-content\/uploads\/2025\/05\/horario-bg.png\"><\/div>\n        \n        <div style=\"clear:both; width: 100%; height: 1px; margin-bottom: 20px\"><\/div>\n    <\/div>\n    \n\n<div class=\"containerMain\" style=\"display: none;\">\n    <div class=\"featuredText positiveLeft\" style=\"margin-bottom: 10px;\">\n        <a id=\"linkCarta4\" href=\"https:\/\/www.enkai.es\/en\/digital\/carta\/medio-dia\/\" target=\"_blank\">\n        <div class=\"buttonCustom buttonCustomDouble\"><img decoding=\"async\" src=\"https:\/\/www.enkai.es\/wp-content\/uploads\/2023\/10\/btnLarge.png\"><p>LUNCH MENU<\/p><\/div>\n        <\/a>\n        <a id=\"linkCarta5\" href=\"https:\/\/www.enkai.es\/en\/digital\/carta\/noche\/\" target=\"_blank\">\n        <div class=\"buttonCustom buttonCustomDouble\"><img decoding=\"async\" src=\"https:\/\/www.enkai.es\/wp-content\/uploads\/2023\/10\/btnLarge.png\"><p>DINNER MENU<\/p><\/div>\n        <\/a>\n        \n        <a id=\"linkCarta6\" href=\"https:\/\/www.enkai.es\/en\/digital\/carta\/bebidas\/\" target=\"_blank\">\n        <div class=\"buttonCustom buttonCustomDouble\"><img decoding=\"async\" src=\"https:\/\/www.enkai.es\/wp-content\/uploads\/2023\/10\/btnLarge.png\"><p>DRINKS &amp; DESSERTS<\/p><\/div>\n        <\/a>\n        \n        <div style=\"clear: both; height: 0px; width: 100%; opacity: 0;\"><\/div>\n    <\/div>\n    \n<\/div>\n\n\n<div class=\"dividerOrange footSeparator marginTop\"><img decoding=\"async\" src=\"https:\/\/www.enkai.es\/wp-content\/uploads\/2023\/10\/lineSeparator.svg\"><\/div>\n\n\n\n<style>\n.carrouselHolder::before {\n    background: transparent!important;\n}\n\n.carrouselHolder::after {\n    background: transparent!important;\n}\n\n.minorVisible {\n    opacity: 0.65!important;\n}\n\n.lazymask {\n   \n}\n\n<\/style>\n\n<script>\n\n$( document ).ready(function() {\n    \n    $.fn.animOptions = function() {\n        \n        setTimeout(function(){\n            $(\".fuego\").addClass(\"minorVisible\");\n            $(\".agua\").removeClass(\"minorVisible\");\n        },3000);\n        \n        setTimeout(function(){\n            $(\".agua\").addClass(\"minorVisible\");\n            $(\".tierra\").removeClass(\"minorVisible\");\n        },6000);\n        \n        setTimeout(function(){\n            $(\".tierra\").addClass(\"minorVisible\");\n            $(\".fuego\").removeClass(\"minorVisible\");\n            $(\".agua\").addClass(\"minorVisible\");\n        },9000);\n        \n        setTimeout(function(){\n            $(\".fuego\").addClass(\"minorVisible\");\n        },12000);\n        \n        setTimeout(function(){\n            $.fn.animOptions();\n        },13000);\n    }\n});\n    \n<\/script>\n\n<script>\n        setTimeout(function(){\n            $.fn.animOptions();\n        },1000);\n<\/script>\n\n<style>\n    \n.buttonCustom p {\n    font-size: 15px!important;\n}\n\n.marginTop {\n    margin-top: 50px!important;\n}\n    \n<\/style>\n\n\t\t\t\t<\/div>\n\t\t\t\t<\/div>\n\t\t\t\t<\/div>\n\t\t\t\t<\/div>","protected":false},"excerpt":{"rendered":"<p>NUESTRA CARTA Un viaje de sabores y creatividad. Explora nuestra variedad de platos, desde frescos sashimis hasta deliciosos makis. Descubre todas las opciones de nuestro ALL YOU CAN EAT y sum\u00e9rgete en una experiencia gastron\u00f3mica \u00fanica en el Centro de Madrid. MEDIOD\u00cdA DE MARTES A VIERNES NOCHES, FESTIVOS Y FINES DE SEMANA * Bebida y postre no inclu\u00eddo M\u00ednimo una bebida por persona * M\u00e1ximo de 4 platos por ronda y persona(rondas ilimitadas) * Penalizaci\u00f3n de 3\u20ac por plato sin terminar CARTA MEDIO DIA CARTA NOCHE Y FIN DE SEMANA BEBIDAS Y POSTRES PREGUNTA A NUESTRO EQUIPO POR EL TRATAMIENTO DE ALERGENOS Y DEM\u00c1S INTOLERANCIAS PARA QUE COMUNICAR LAS OPCIONES DE LAS QUE DISPONES MARTES A VIERNES ComidaDe 13.00 a 16:30h CenasDe 20.00 a 23:30h S\u00c1BADO Y DOMINGO ComidaDe 13.00 a 16:30h CenasDe 19.30 a 00:00h CARTA MEDIO D\u00cdA CARTA NOCHE BEBIDAS Y POSTRES<\/p>","protected":false},"author":1,"featured_media":0,"parent":0,"menu_order":0,"comment_status":"closed","ping_status":"closed","template":"","meta":{"footnotes":""},"class_list":["post-537","page","type-page","status-publish","hentry","post-no-thumbnail"],"yoast_head":"<!-- This site is optimized with the Yoast SEO plugin v27.5 - https:\/\/yoast.com\/product\/yoast-seo-wordpress\/ -->\n<title>Carta - ENKAI | Saborea el Godai<\/title>\n<meta name=\"description\" content=\"Explora nuestra carta fusi\u00f3n y tradici\u00f3n, en el mejor restaurante buffet a la carta de cocina japonesa, en el centro de la capital.\" \/>\n<meta name=\"robots\" content=\"index, follow, max-snippet:-1, max-image-preview:large, max-video-preview:-1\" \/>\n<link rel=\"canonical\" href=\"https:\/\/www.enkai.es\/en\/carta\/\" \/>\n<meta property=\"og:locale\" content=\"en_GB\" \/>\n<meta property=\"og:type\" content=\"article\" \/>\n<meta property=\"og:title\" content=\"Carta - ENKAI | Saborea el Godai\" \/>\n<meta property=\"og:description\" content=\"Explora nuestra carta fusi\u00f3n y tradici\u00f3n, en el mejor restaurante buffet a la carta de cocina japonesa, en el centro de la capital.\" \/>\n<meta property=\"og:url\" content=\"https:\/\/www.enkai.es\/en\/carta\/\" \/>\n<meta property=\"og:site_name\" content=\"ENKAI | Saborea el Godai\" \/>\n<meta property=\"article:modified_time\" content=\"2025-08-05T10:52:30+00:00\" \/>\n<meta property=\"og:image\" content=\"https:\/\/www.enkai.es\/wp-content\/uploads\/2023\/10\/carta-img.jpg\" \/>\n<meta name=\"twitter:card\" content=\"summary_large_image\" \/>\n<meta name=\"twitter:label1\" content=\"Estimated reading time\" \/>\n\t<meta name=\"twitter:data1\" content=\"4 minutes\" \/>\n<script type=\"application\/ld+json\" class=\"yoast-schema-graph\">{\"@context\":\"https:\\\/\\\/schema.org\",\"@graph\":[{\"@type\":\"WebPage\",\"@id\":\"https:\\\/\\\/www.enkai.es\\\/carta\\\/\",\"url\":\"https:\\\/\\\/www.enkai.es\\\/carta\\\/\",\"name\":\"Carta - ENKAI | Saborea el Godai\",\"isPartOf\":{\"@id\":\"https:\\\/\\\/www.enkai.es\\\/#website\"},\"primaryImageOfPage\":{\"@id\":\"https:\\\/\\\/www.enkai.es\\\/carta\\\/#primaryimage\"},\"image\":{\"@id\":\"https:\\\/\\\/www.enkai.es\\\/carta\\\/#primaryimage\"},\"thumbnailUrl\":\"https:\\\/\\\/www.enkai.es\\\/wp-content\\\/uploads\\\/2023\\\/10\\\/carta-img.jpg\",\"datePublished\":\"2023-10-06T10:50:12+00:00\",\"dateModified\":\"2025-08-05T10:52:30+00:00\",\"description\":\"Explora nuestra carta fusi\u00f3n y tradici\u00f3n, en el mejor restaurante buffet a la carta de cocina japonesa, en el centro de la capital.\",\"breadcrumb\":{\"@id\":\"https:\\\/\\\/www.enkai.es\\\/carta\\\/#breadcrumb\"},\"inLanguage\":\"en-GB\",\"potentialAction\":[{\"@type\":\"ReadAction\",\"target\":[\"https:\\\/\\\/www.enkai.es\\\/carta\\\/\"]}]},{\"@type\":\"ImageObject\",\"inLanguage\":\"en-GB\",\"@id\":\"https:\\\/\\\/www.enkai.es\\\/carta\\\/#primaryimage\",\"url\":\"https:\\\/\\\/www.enkai.es\\\/wp-content\\\/uploads\\\/2023\\\/10\\\/carta-img.jpg\",\"contentUrl\":\"https:\\\/\\\/www.enkai.es\\\/wp-content\\\/uploads\\\/2023\\\/10\\\/carta-img.jpg\"},{\"@type\":\"BreadcrumbList\",\"@id\":\"https:\\\/\\\/www.enkai.es\\\/carta\\\/#breadcrumb\",\"itemListElement\":[{\"@type\":\"ListItem\",\"position\":1,\"name\":\"Portada\",\"item\":\"https:\\\/\\\/www.enkai.es\\\/\"},{\"@type\":\"ListItem\",\"position\":2,\"name\":\"Carta\"}]},{\"@type\":\"WebSite\",\"@id\":\"https:\\\/\\\/www.enkai.es\\\/#website\",\"url\":\"https:\\\/\\\/www.enkai.es\\\/\",\"name\":\"ENKAI | Saborea el Godai\",\"description\":\"\",\"potentialAction\":[{\"@type\":\"SearchAction\",\"target\":{\"@type\":\"EntryPoint\",\"urlTemplate\":\"https:\\\/\\\/www.enkai.es\\\/?s={search_term_string}\"},\"query-input\":{\"@type\":\"PropertyValueSpecification\",\"valueRequired\":true,\"valueName\":\"search_term_string\"}}],\"inLanguage\":\"en-GB\"}]}<\/script>\n<!-- \/ Yoast SEO plugin. -->","yoast_head_json":{"title":"Carta - ENKAI | Saborea el Godai","description":"Explora nuestra carta fusi\u00f3n y tradici\u00f3n, en el mejor restaurante buffet a la carta de cocina japonesa, en el centro de la capital.","robots":{"index":"index","follow":"follow","max-snippet":"max-snippet:-1","max-image-preview":"max-image-preview:large","max-video-preview":"max-video-preview:-1"},"canonical":"https:\/\/www.enkai.es\/en\/carta\/","og_locale":"en_GB","og_type":"article","og_title":"Carta - ENKAI | Saborea el Godai","og_description":"Explora nuestra carta fusi\u00f3n y tradici\u00f3n, en el mejor restaurante buffet a la carta de cocina japonesa, en el centro de la capital.","og_url":"https:\/\/www.enkai.es\/en\/carta\/","og_site_name":"ENKAI | Saborea el Godai","article_modified_time":"2025-08-05T10:52:30+00:00","og_image":[{"url":"https:\/\/www.enkai.es\/wp-content\/uploads\/2023\/10\/carta-img.jpg","type":"","width":"","height":""}],"twitter_card":"summary_large_image","twitter_misc":{"Estimated reading time":"4 minutes"},"schema":{"@context":"https:\/\/schema.org","@graph":[{"@type":"WebPage","@id":"https:\/\/www.enkai.es\/carta\/","url":"https:\/\/www.enkai.es\/carta\/","name":"Carta - ENKAI | Saborea el Godai","isPartOf":{"@id":"https:\/\/www.enkai.es\/#website"},"primaryImageOfPage":{"@id":"https:\/\/www.enkai.es\/carta\/#primaryimage"},"image":{"@id":"https:\/\/www.enkai.es\/carta\/#primaryimage"},"thumbnailUrl":"https:\/\/www.enkai.es\/wp-content\/uploads\/2023\/10\/carta-img.jpg","datePublished":"2023-10-06T10:50:12+00:00","dateModified":"2025-08-05T10:52:30+00:00","description":"Explora nuestra carta fusi\u00f3n y tradici\u00f3n, en el mejor restaurante buffet a la carta de cocina japonesa, en el centro de la capital.","breadcrumb":{"@id":"https:\/\/www.enkai.es\/carta\/#breadcrumb"},"inLanguage":"en-GB","potentialAction":[{"@type":"ReadAction","target":["https:\/\/www.enkai.es\/carta\/"]}]},{"@type":"ImageObject","inLanguage":"en-GB","@id":"https:\/\/www.enkai.es\/carta\/#primaryimage","url":"https:\/\/www.enkai.es\/wp-content\/uploads\/2023\/10\/carta-img.jpg","contentUrl":"https:\/\/www.enkai.es\/wp-content\/uploads\/2023\/10\/carta-img.jpg"},{"@type":"BreadcrumbList","@id":"https:\/\/www.enkai.es\/carta\/#breadcrumb","itemListElement":[{"@type":"ListItem","position":1,"name":"Portada","item":"https:\/\/www.enkai.es\/"},{"@type":"ListItem","position":2,"name":"Carta"}]},{"@type":"WebSite","@id":"https:\/\/www.enkai.es\/#website","url":"https:\/\/www.enkai.es\/","name":"ENKAI | Saborea el Godai","description":"","potentialAction":[{"@type":"SearchAction","target":{"@type":"EntryPoint","urlTemplate":"https:\/\/www.enkai.es\/?s={search_term_string}"},"query-input":{"@type":"PropertyValueSpecification","valueRequired":true,"valueName":"search_term_string"}}],"inLanguage":"en-GB"}]}},"_links":{"self":[{"href":"https:\/\/www.enkai.es\/en\/wp-json\/wp\/v2\/pages\/537","targetHints":{"allow":["GET"]}}],"collection":[{"href":"https:\/\/www.enkai.es\/en\/wp-json\/wp\/v2\/pages"}],"about":[{"href":"https:\/\/www.enkai.es\/en\/wp-json\/wp\/v2\/types\/page"}],"author":[{"embeddable":true,"href":"https:\/\/www.enkai.es\/en\/wp-json\/wp\/v2\/users\/1"}],"replies":[{"embeddable":true,"href":"https:\/\/www.enkai.es\/en\/wp-json\/wp\/v2\/comments?post=537"}],"version-history":[{"count":318,"href":"https:\/\/www.enkai.es\/en\/wp-json\/wp\/v2\/pages\/537\/revisions"}],"predecessor-version":[{"id":1728,"href":"https:\/\/www.enkai.es\/en\/wp-json\/wp\/v2\/pages\/537\/revisions\/1728"}],"wp:attachment":[{"href":"https:\/\/www.enkai.es\/en\/wp-json\/wp\/v2\/media?parent=537"}],"curies":[{"name":"wp","href":"https:\/\/api.w.org\/{rel}","templated":true}]}}