{"id":1400,"date":"2023-10-24T12:07:18","date_gmt":"2023-10-24T10:07:18","guid":{"rendered":"https:\/\/www.enkai.es\/?page_id=1400"},"modified":"2025-09-30T15:56:15","modified_gmt":"2025-09-30T13:56:15","slug":"reservas","status":"publish","type":"page","link":"https:\/\/www.enkai.es\/en\/reservas\/","title":{"rendered":"Inicio &#8211; Reservas"},"content":{"rendered":"<div data-elementor-type=\"wp-page\" data-elementor-id=\"1400\" class=\"elementor elementor-1400\">\n\t\t\t\t<div class=\"elementor-element elementor-element-c070d3f e-con-full e-flex e-con e-parent\" data-id=\"c070d3f\" data-element_type=\"container\" data-e-type=\"container\">\n\t\t\t\t<div class=\"elementor-element elementor-element-9ed94e5 elementor-widget elementor-widget-html\" data-id=\"9ed94e5\" data-element_type=\"widget\" data-e-type=\"widget\" data-widget_type=\"html.default\">\n\t\t\t\t<div class=\"elementor-widget-container\">\n\t\t\t\t\t<div class=\"reservaOnDisplay\">\n    <div class=\"resercaCtn\">\n        <div class=\"iconReserva\"><\/div>\n        <p>RESERVAR MESA<\/p>\n    <\/div>\n<\/div>\n\n<div class=\"modalWindow motorOn\">\t\t\n\t\n\t<div class=\"reservarClose\"><\/div>\n\t\n\t<div class=\"modalContent\">\n        <script type=\"text\/javascript\" src=\"https:\/\/www.covermanager.com\/js\/iframeResizer\/iframeResizer.min.js\"><\/script>\n        <iframe id=\"restaurante-enkai\" title=\"Reservas\" src=\"https:\/\/www.covermanager.com\/reservation\/module_restaurant\/restaurante-enkai\/spanish\" allow=\"payment\" frameborder=\"0\" height=\"550\" width=\"100%\" onload=\"iFrameResize();\"><\/iframe>\n\t<\/div>\n\t\n<\/div>\t\n\n\n\n\n<div class=\"containerLimiter\">\n<div class=\"containerMain\">\n    <div class=\"featuredText\">\n        <h1>TASTE THE <font class=\"highlight\">GODAI<\/font> <br>TASTE THE <font class=\"highlight\">5 ELEMENTS<\/font><\/h1>\n        \n        <div class=\"buttonCustom reservarBtn modal-btn\" id=\"modal-btn\" name=\"modal-btn\"><img decoding=\"async\" src=\"https:\/\/www.enkai.es\/wp-content\/uploads\/2023\/10\/buttonRound.svg\"><p>BOOK TABLE<\/p><\/div>\n    <\/div>\n    \n    <div class=\"featuredImage\">\n        <img decoding=\"async\" class=\"featured\" src=\"https:\/\/www.enkai.es\/wp-content\/uploads\/2023\/10\/main_home-variant2.png\">\n    <\/div>\n    \n<\/div>\n<\/div>\n\n<div class=\"containerLimiter\">\n<div class=\"containerMain\">\n    \n    <div class=\"containerMainHolder\">\n        <div class=\"featuredTextIntro\">\n            <p>WELCOME TO ENKAI: \n <br><br>A unique restaurant in Madrid that celebrates the philosophy of Godai. Explore the fusion of tradition and the five elements in every corner of ENKAI, the best place to discover the essence of Japanese cuisine in the centre of the capital.<\/p>\n        <\/div>\n    <\/div>\n    \n    <div class=\"dividerOrange\"><img decoding=\"async\" src=\"https:\/\/www.enkai.es\/wp-content\/uploads\/2023\/10\/lineSeparator.svg\"><\/div>\n    \n    <div class=\"featuredTextSub\">\n        <h2>THE PHILOSOPHY OF <br>THE<font class=\"highlight\"> 5 ELEMENTS - GODAI<\/font><\/h2>\n        <div class=\"featuredTextIntro featuredTextIntroVariant\">\n            <p> ENKAI: Where the philosophy of Godai creates a unique experience. Discover how the five essential elements are reflected in our dishes and decoration at ENKAI.<\/p>\n        <\/div>\n    <\/div>\n<\/div>\n<\/div>\n\n<div class=\"carrouselHolder\">\n    \n    <div class=\"bgCarrousel\">\n        <div class=\"bgCarrouselIndex bgVacio\"><\/div>\n        <div class=\"bgCarrouselIndex bgAire\"><\/div>\n        <div class=\"bgCarrouselIndex bgFuego\"><\/div>\n        <div class=\"bgCarrouselIndex bgTierra\"><\/div>\n        <div class=\"bgCarrouselIndex bgAgua\"><\/div>\n        <div class=\"bgCarrouselIndex bgGodai\"><\/div>\n    <\/div>\n    \n    <div class=\"carrouselHolderInner\">\n        \n    <div class=\"elementoGodai agua minorVisible\">\n        <div class=\"oval\"><img decoding=\"async\" src=\"https:\/\/www.enkai.es\/wp-content\/uploads\/2023\/10\/ovalFeatured.svg\"><\/div>\n        <div class=\"isoImage\"><img decoding=\"async\" src=\"https:\/\/www.enkai.es\/wp-content\/uploads\/2023\/10\/sui.svg\"><\/div>\n        <div class=\"GodaiText\">\n            <h3><font class=\"highlight2\">SUI<\/font><br> WATER<\/h3>\n        <\/div>\n    <\/div>\n    \n    <div class=\"elementoGodai tierra minorVisible\">\n        <div class=\"oval\"><img decoding=\"async\" src=\"https:\/\/www.enkai.es\/wp-content\/uploads\/2023\/10\/ovalFeatured.svg\"><\/div>\n        <div class=\"isoImage\"><img decoding=\"async\" src=\"https:\/\/www.enkai.es\/wp-content\/uploads\/2023\/10\/chi.svg\"><\/div>\n        <div class=\"GodaiText\">\n            <h3><font class=\"highlight2\">CHI<\/font><br> SOIL<\/h3>\n        <\/div>\n    <\/div>\n    \n    <div class=\"elementoGodai fuego minorVisible\">\n        <div class=\"oval\"><img decoding=\"async\" src=\"https:\/\/www.enkai.es\/wp-content\/uploads\/2023\/10\/ovalFeatured.svg\"><\/div>\n        <div class=\"isoImage\"><img decoding=\"async\" src=\"https:\/\/www.enkai.es\/wp-content\/uploads\/2023\/10\/ka.svg\"><\/div>\n        <div class=\"GodaiText\">\n            <h3><font class=\"highlight2\">KA<\/font><br> FIRE<\/h3>\n        <\/div>\n    <\/div>\n    \n    <div class=\"elementoGodai aire minorVisible notVisible\">\n        <div class=\"oval\"><img decoding=\"async\" src=\"https:\/\/www.enkai.es\/wp-content\/uploads\/2023\/10\/ovalFeatured.svg\"><\/div>\n        <div class=\"isoImage\"><img decoding=\"async\" src=\"https:\/\/www.enkai.es\/wp-content\/uploads\/2023\/10\/fu.svg\"><\/div>\n        <div class=\"GodaiText\">\n            <h3><font class=\"highlight2\">FU<\/font><br> AIR<\/h3>\n        <\/div>\n    <\/div>\n    \n    <div class=\"elementoGodai vacio minorVisible notVisible\">\n        <div class=\"oval\"><img decoding=\"async\" src=\"https:\/\/www.enkai.es\/wp-content\/uploads\/2023\/10\/ovalFeatured.svg\"><\/div>\n        <div class=\"isoImage\"><img decoding=\"async\" src=\"https:\/\/www.enkai.es\/wp-content\/uploads\/2023\/10\/ku.svg\"><\/div>\n        <div class=\"GodaiText\">\n            <h3><font class=\"highlight2\">KU<\/font><br> EMPTYNESS<\/h3>\n        <\/div>\n    <\/div>\n    <\/div>\n    \n    <div style=\"clear: both; height: 0px; width: 100%; opacity: 0;\"><\/div>\n<\/div>\n\n<div class=\"containerMain\">\n    <div class=\"featuredText positiveLeft\">\n        <a href=\"https:\/\/www.enkai.es\/en\/godai\/\"><div class=\"buttonCustom\"><img decoding=\"async\" src=\"https:\/\/www.enkai.es\/wp-content\/uploads\/2023\/10\/buttonRound.svg\"><p>LEARN MORE<\/p><\/div><\/a>\n    <\/div>\n    \n<\/div>\n\n\n<div class=\"dividerOrange footSeparator marginTop\"><img decoding=\"async\" src=\"https:\/\/www.enkai.es\/wp-content\/uploads\/2023\/10\/lineSeparator.svg\"><\/div>\n\n\n<script>\n\n$( document ).ready(function() {\n    \n    $.fn.animOptions = function() {\n        \n        setTimeout(function(){\n            $(\".bgGodai\").addClass(\"opNone\");\n            $(\".fuego\").addClass(\"minorVisible\");\n            $(\".agua\").removeClass(\"minorVisible\");\n        },3000);\n        \n        setTimeout(function(){\n            $(\".bgAgua\").addClass(\"opNone\");\n            $(\".agua\").addClass(\"minorVisible\");\n            $(\".tierra\").removeClass(\"minorVisible\");\n        },6000);\n        \n        setTimeout(function(){\n            $(\".bgTierra\").addClass(\"opNone\");\n            $(\".tierra\").addClass(\"minorVisible\");\n            $(\".fuego\").removeClass(\"minorVisible\");\n            $(\".agua\").addClass(\"notVisible\");\n            $(\".agua\").addClass(\"minorVisible\");\n            $(\".aire\").removeClass(\"notVisible\");\n        },9000);\n        \n        setTimeout(function(){\n            $(\".bgFuego\").addClass(\"opNone\");\n            $(\".fuego\").addClass(\"minorVisible\");\n            $(\".aire\").removeClass(\"minorVisible\");\n            $(\".tierra\").addClass(\"notVisible\");\n            $(\".tierra\").addClass(\"minorVisible\");\n            $(\".vacio\").removeClass(\"notVisible\");\n        },12000);\n        \n        setTimeout(function(){\n            $(\".bgAire\").addClass(\"opNone\");\n            $(\".aire\").addClass(\"minorVisible\");\n            $(\".vacio\").removeClass(\"minorVisible\");\n        },15000);\n        \n        setTimeout(function(){\n            $(\".bgCarrouselIndex\").removeClass(\"opNone\");\n            $(\".agua\").removeClass(\"notVisible\");\n            $(\".tierra\").removeClass(\"notVisible\");\n            $(\".aire\").addClass(\"notVisible\");\n            $(\".vacio\").addClass(\"notVisible\");\n            $(\".vacio\").addClass(\"minorVisible\");\n        },18000);\n        \n        setTimeout(function(){\n            $.fn.animOptions();\n        },19000);\n    }\n});\n    \n<\/script>\n\n<script>\n        setTimeout(function(){\n            $.fn.animOptions();\n        },1000);\n<\/script>\n\n\t\t\t\t<\/div>\n\t\t\t\t<\/div>\n\t\t\t\t<\/div>\n\t\t\t\t<\/div>","protected":false},"excerpt":{"rendered":"<p>RESERVAR MESA SABOREA EL GODAI SABOREA LOS 5 ELEMENTOS RESERVAR BIENVENIDOS A ENKAI: Un restaurante \u00fanico en Madrid que celebra la filosof\u00eda del Godai. Explora la fusi\u00f3n de la tradici\u00f3n y los cinco elementos en cada rinc\u00f3n de ENKAI, el mejor lugar para descubrir la esencia de la cocina japonesa en el centro de la capital. LA FILOSOF\u00cdA DE LOS 5 ELEMENTOS &#8211; GODAI ENKAI: Donde la filosof\u00eda del Godai crea una experiencia \u00fanica. Descubre c\u00f3mo los cinco elementos esenciales se reflejan en nuestros platos y la decoraci\u00f3n de ENKAI. SUI AGUA CHI TIERRA KA FUEGO FU AIRE KU VACIO SABER M\u00c1S<\/p>","protected":false},"author":1,"featured_media":0,"parent":0,"menu_order":0,"comment_status":"closed","ping_status":"closed","template":"","meta":{"footnotes":""},"class_list":["post-1400","page","type-page","status-publish","hentry","post-no-thumbnail"],"yoast_head":"<!-- This site is optimized with the Yoast SEO plugin v27.5 - https:\/\/yoast.com\/product\/yoast-seo-wordpress\/ -->\n<title>ENKAI | Saborea el Godai<\/title>\n<meta name=\"description\" content=\"Un restaurante \u00fanico en Madrid que celebra la filosof\u00eda del Godai. Explora la fusi\u00f3n de la tradici\u00f3n y los cinco elementos en cada rinc\u00f3n de ENKAI.\" \/>\n<meta name=\"robots\" content=\"index, follow, max-snippet:-1, max-image-preview:large, max-video-preview:-1\" \/>\n<link rel=\"canonical\" href=\"https:\/\/www.enkai.es\/en\/reservas\/\" \/>\n<meta property=\"og:locale\" content=\"en_GB\" \/>\n<meta property=\"og:type\" content=\"article\" \/>\n<meta property=\"og:title\" content=\"ENKAI | Saborea el Godai\" \/>\n<meta property=\"og:description\" content=\"Un restaurante \u00fanico en Madrid que celebra la filosof\u00eda del Godai. Explora la fusi\u00f3n de la tradici\u00f3n y los cinco elementos en cada rinc\u00f3n de ENKAI.\" \/>\n<meta property=\"og:url\" content=\"https:\/\/www.enkai.es\/en\/reservas\/\" \/>\n<meta property=\"og:site_name\" content=\"ENKAI | Saborea el Godai\" \/>\n<meta property=\"article:modified_time\" content=\"2025-09-30T13:56:15+00:00\" \/>\n<meta property=\"og:image\" content=\"https:\/\/www.enkai.es\/wp-content\/uploads\/2023\/10\/buttonRound.svg\" \/>\n<meta name=\"twitter:card\" content=\"summary_large_image\" \/>\n<meta name=\"twitter:label1\" content=\"Estimated reading time\" \/>\n\t<meta name=\"twitter:data1\" content=\"4 minutes\" \/>\n<script type=\"application\/ld+json\" class=\"yoast-schema-graph\">{\"@context\":\"https:\\\/\\\/schema.org\",\"@graph\":[{\"@type\":\"WebPage\",\"@id\":\"https:\\\/\\\/www.enkai.es\\\/reservas\\\/\",\"url\":\"https:\\\/\\\/www.enkai.es\\\/reservas\\\/\",\"name\":\"ENKAI | Saborea el Godai\",\"isPartOf\":{\"@id\":\"https:\\\/\\\/www.enkai.es\\\/#website\"},\"primaryImageOfPage\":{\"@id\":\"https:\\\/\\\/www.enkai.es\\\/reservas\\\/#primaryimage\"},\"image\":{\"@id\":\"https:\\\/\\\/www.enkai.es\\\/reservas\\\/#primaryimage\"},\"thumbnailUrl\":\"https:\\\/\\\/www.enkai.es\\\/wp-content\\\/uploads\\\/2023\\\/10\\\/buttonRound.svg\",\"datePublished\":\"2023-10-24T10:07:18+00:00\",\"dateModified\":\"2025-09-30T13:56:15+00:00\",\"description\":\"Un restaurante \u00fanico en Madrid que celebra la filosof\u00eda del Godai. Explora la fusi\u00f3n de la tradici\u00f3n y los cinco elementos en cada rinc\u00f3n de ENKAI.\",\"breadcrumb\":{\"@id\":\"https:\\\/\\\/www.enkai.es\\\/reservas\\\/#breadcrumb\"},\"inLanguage\":\"en-GB\",\"potentialAction\":[{\"@type\":\"ReadAction\",\"target\":[\"https:\\\/\\\/www.enkai.es\\\/reservas\\\/\"]}]},{\"@type\":\"ImageObject\",\"inLanguage\":\"en-GB\",\"@id\":\"https:\\\/\\\/www.enkai.es\\\/reservas\\\/#primaryimage\",\"url\":\"https:\\\/\\\/www.enkai.es\\\/wp-content\\\/uploads\\\/2023\\\/10\\\/buttonRound.svg\",\"contentUrl\":\"https:\\\/\\\/www.enkai.es\\\/wp-content\\\/uploads\\\/2023\\\/10\\\/buttonRound.svg\"},{\"@type\":\"BreadcrumbList\",\"@id\":\"https:\\\/\\\/www.enkai.es\\\/reservas\\\/#breadcrumb\",\"itemListElement\":[{\"@type\":\"ListItem\",\"position\":1,\"name\":\"Portada\",\"item\":\"https:\\\/\\\/www.enkai.es\\\/\"},{\"@type\":\"ListItem\",\"position\":2,\"name\":\"Inicio &#8211; Reservas\"}]},{\"@type\":\"WebSite\",\"@id\":\"https:\\\/\\\/www.enkai.es\\\/#website\",\"url\":\"https:\\\/\\\/www.enkai.es\\\/\",\"name\":\"ENKAI | Saborea el Godai\",\"description\":\"\",\"potentialAction\":[{\"@type\":\"SearchAction\",\"target\":{\"@type\":\"EntryPoint\",\"urlTemplate\":\"https:\\\/\\\/www.enkai.es\\\/?s={search_term_string}\"},\"query-input\":{\"@type\":\"PropertyValueSpecification\",\"valueRequired\":true,\"valueName\":\"search_term_string\"}}],\"inLanguage\":\"en-GB\"}]}<\/script>\n<!-- \/ Yoast SEO plugin. -->","yoast_head_json":{"title":"ENKAI | Saborea el Godai","description":"Un restaurante \u00fanico en Madrid que celebra la filosof\u00eda del Godai. Explora la fusi\u00f3n de la tradici\u00f3n y los cinco elementos en cada rinc\u00f3n de ENKAI.","robots":{"index":"index","follow":"follow","max-snippet":"max-snippet:-1","max-image-preview":"max-image-preview:large","max-video-preview":"max-video-preview:-1"},"canonical":"https:\/\/www.enkai.es\/en\/reservas\/","og_locale":"en_GB","og_type":"article","og_title":"ENKAI | Saborea el Godai","og_description":"Un restaurante \u00fanico en Madrid que celebra la filosof\u00eda del Godai. Explora la fusi\u00f3n de la tradici\u00f3n y los cinco elementos en cada rinc\u00f3n de ENKAI.","og_url":"https:\/\/www.enkai.es\/en\/reservas\/","og_site_name":"ENKAI | Saborea el Godai","article_modified_time":"2025-09-30T13:56:15+00:00","og_image":[{"url":"https:\/\/www.enkai.es\/wp-content\/uploads\/2023\/10\/buttonRound.svg","type":"","width":"","height":""}],"twitter_card":"summary_large_image","twitter_misc":{"Estimated reading time":"4 minutes"},"schema":{"@context":"https:\/\/schema.org","@graph":[{"@type":"WebPage","@id":"https:\/\/www.enkai.es\/reservas\/","url":"https:\/\/www.enkai.es\/reservas\/","name":"ENKAI | Saborea el Godai","isPartOf":{"@id":"https:\/\/www.enkai.es\/#website"},"primaryImageOfPage":{"@id":"https:\/\/www.enkai.es\/reservas\/#primaryimage"},"image":{"@id":"https:\/\/www.enkai.es\/reservas\/#primaryimage"},"thumbnailUrl":"https:\/\/www.enkai.es\/wp-content\/uploads\/2023\/10\/buttonRound.svg","datePublished":"2023-10-24T10:07:18+00:00","dateModified":"2025-09-30T13:56:15+00:00","description":"Un restaurante \u00fanico en Madrid que celebra la filosof\u00eda del Godai. Explora la fusi\u00f3n de la tradici\u00f3n y los cinco elementos en cada rinc\u00f3n de ENKAI.","breadcrumb":{"@id":"https:\/\/www.enkai.es\/reservas\/#breadcrumb"},"inLanguage":"en-GB","potentialAction":[{"@type":"ReadAction","target":["https:\/\/www.enkai.es\/reservas\/"]}]},{"@type":"ImageObject","inLanguage":"en-GB","@id":"https:\/\/www.enkai.es\/reservas\/#primaryimage","url":"https:\/\/www.enkai.es\/wp-content\/uploads\/2023\/10\/buttonRound.svg","contentUrl":"https:\/\/www.enkai.es\/wp-content\/uploads\/2023\/10\/buttonRound.svg"},{"@type":"BreadcrumbList","@id":"https:\/\/www.enkai.es\/reservas\/#breadcrumb","itemListElement":[{"@type":"ListItem","position":1,"name":"Portada","item":"https:\/\/www.enkai.es\/"},{"@type":"ListItem","position":2,"name":"Inicio &#8211; Reservas"}]},{"@type":"WebSite","@id":"https:\/\/www.enkai.es\/#website","url":"https:\/\/www.enkai.es\/","name":"ENKAI | Saborea el Godai","description":"","potentialAction":[{"@type":"SearchAction","target":{"@type":"EntryPoint","urlTemplate":"https:\/\/www.enkai.es\/?s={search_term_string}"},"query-input":{"@type":"PropertyValueSpecification","valueRequired":true,"valueName":"search_term_string"}}],"inLanguage":"en-GB"}]}},"_links":{"self":[{"href":"https:\/\/www.enkai.es\/en\/wp-json\/wp\/v2\/pages\/1400","targetHints":{"allow":["GET"]}}],"collection":[{"href":"https:\/\/www.enkai.es\/en\/wp-json\/wp\/v2\/pages"}],"about":[{"href":"https:\/\/www.enkai.es\/en\/wp-json\/wp\/v2\/types\/page"}],"author":[{"embeddable":true,"href":"https:\/\/www.enkai.es\/en\/wp-json\/wp\/v2\/users\/1"}],"replies":[{"embeddable":true,"href":"https:\/\/www.enkai.es\/en\/wp-json\/wp\/v2\/comments?post=1400"}],"version-history":[{"count":16,"href":"https:\/\/www.enkai.es\/en\/wp-json\/wp\/v2\/pages\/1400\/revisions"}],"predecessor-version":[{"id":1745,"href":"https:\/\/www.enkai.es\/en\/wp-json\/wp\/v2\/pages\/1400\/revisions\/1745"}],"wp:attachment":[{"href":"https:\/\/www.enkai.es\/en\/wp-json\/wp\/v2\/media?parent=1400"}],"curies":[{"name":"wp","href":"https:\/\/api.w.org\/{rel}","templated":true}]}}